{"id":21,"date":"2021-04-27T14:46:19","date_gmt":"2021-04-27T14:46:19","guid":{"rendered":"http:\/\/gammon.br\/?page_id=21"},"modified":"2021-09-29T19:22:11","modified_gmt":"2021-09-29T19:22:11","slug":"institucional","status":"publish","type":"page","link":"https:\/\/gammon.br\/site_antigo\/a-instituicao\/institucional\/","title":{"rendered":"Institucional"},"content":{"rendered":"\t\t<div data-elementor-type=\"wp-page\" data-elementor-id=\"21\" class=\"elementor elementor-21\" data-elementor-settings=\"[]\">\n\t\t\t\t\t\t<div class=\"elementor-inner\">\n\t\t\t\t\t\t\t<div class=\"elementor-section-wrap\">\n\t\t\t\t\t\t\t<section data-particle_enable=\"false\" data-particle-mobile-disabled=\"false\" class=\"elementor-section elementor-top-section elementor-element elementor-element-2e5cb38 elementor-section-boxed elementor-section-height-default elementor-section-height-default\" data-id=\"2e5cb38\" data-element_type=\"section\" data-settings=\"{&quot;background_background&quot;:&quot;classic&quot;}\">\n\t\t\t\t\t\t<div class=\"elementor-container elementor-column-gap-default\">\n\t\t\t\t\t\t\t<div class=\"elementor-row\">\n\t\t\t\t\t<div class=\"elementor-column elementor-col-100 elementor-top-column elementor-element elementor-element-563e977\" data-id=\"563e977\" data-element_type=\"column\">\n\t\t\t<div class=\"elementor-column-wrap elementor-element-populated\">\n\t\t\t\t\t\t\t<div class=\"elementor-widget-wrap\">\n\t\t\t\t\t\t<div class=\"elementor-element elementor-element-7acf680 jet-breadcrumbs-align-center elementor-widget elementor-widget-jet-breadcrumbs\" data-id=\"7acf680\" data-element_type=\"widget\" data-widget_type=\"jet-breadcrumbs.default\">\n\t\t\t\t<div class=\"elementor-widget-container\">\n\t\t\t<div class=\"elementor-jet-breadcrumbs jet-blocks\">\n\t\t<div class=\"jet-breadcrumbs\">\n\t\t<div class=\"jet-breadcrumbs__content\">\n\t\t<div class=\"jet-breadcrumbs__wrap\"><div class=\"jet-breadcrumbs__item\"><a href=\"https:\/\/gammon.br\/site_antigo\/\" class=\"jet-breadcrumbs__item-link is-home\" rel=\"home\" title=\"In\u00edcio\">In\u00edcio<\/a><\/div>\n\t\t<\/div>\n\t\t<\/div>\n\t\t<\/div><\/div>\t\t<\/div>\n\t\t\t\t<\/div>\n\t\t\t\t<div class=\"elementor-element elementor-element-cc8f01c elementor-widget-divider--view-line elementor-widget elementor-widget-divider\" data-id=\"cc8f01c\" data-element_type=\"widget\" data-widget_type=\"divider.default\">\n\t\t\t\t<div class=\"elementor-widget-container\">\n\t\t\t\t\t<div class=\"elementor-divider\">\n\t\t\t<span class=\"elementor-divider-separator\">\n\t\t\t\t\t\t<\/span>\n\t\t<\/div>\n\t\t\t\t<\/div>\n\t\t\t\t<\/div>\n\t\t\t\t<div class=\"elementor-element elementor-element-12bd3f4 elementor-widget elementor-widget-heading\" data-id=\"12bd3f4\" data-element_type=\"widget\" data-widget_type=\"heading.default\">\n\t\t\t\t<div class=\"elementor-widget-container\">\n\t\t\t<h2 class=\"elementor-heading-title elementor-size-default\">INSTITUCIONAL<\/h2>\t\t<\/div>\n\t\t\t\t<\/div>\n\t\t\t\t\t\t<\/div>\n\t\t\t\t\t<\/div>\n\t\t<\/div>\n\t\t\t\t\t\t\t\t<\/div>\n\t\t\t\t\t<\/div>\n\t\t<\/section>\n\t\t\t\t<section data-particle_enable=\"false\" data-particle-mobile-disabled=\"false\" class=\"elementor-section elementor-top-section elementor-element elementor-element-c5e6752 elementor-section-boxed elementor-section-height-default elementor-section-height-default elementor-invisible\" data-id=\"c5e6752\" data-element_type=\"section\" data-settings=\"{&quot;background_background&quot;:&quot;classic&quot;,&quot;animation&quot;:&quot;fadeInUp&quot;}\">\n\t\t\t\t\t\t<div class=\"elementor-container elementor-column-gap-default\">\n\t\t\t\t\t\t\t<div class=\"elementor-row\">\n\t\t\t\t\t<div class=\"elementor-column elementor-col-100 elementor-top-column elementor-element elementor-element-c479786\" data-id=\"c479786\" data-element_type=\"column\">\n\t\t\t<div class=\"elementor-column-wrap elementor-element-populated\">\n\t\t\t\t\t\t\t<div class=\"elementor-widget-wrap\">\n\t\t\t\t\t\t<div class=\"elementor-element elementor-element-62d184c elementor-widget elementor-widget-heading\" data-id=\"62d184c\" data-element_type=\"widget\" data-widget_type=\"heading.default\">\n\t\t\t\t<div class=\"elementor-widget-container\">\n\t\t\t<h4 class=\"elementor-heading-title elementor-size-default\">\"Desde suas origens at\u00e9 os dias de hoje o pioneirismo tem sido\num dos elementos distintivos do Gammon.\"<\/h4>\t\t<\/div>\n\t\t\t\t<\/div>\n\t\t\t\t<div class=\"elementor-element elementor-element-c8d5e91 elementor-widget elementor-widget-heading\" data-id=\"c8d5e91\" data-element_type=\"widget\" data-widget_type=\"heading.default\">\n\t\t\t\t<div class=\"elementor-widget-container\">\n\t\t\t<h4 class=\"elementor-heading-title elementor-size-default\">Prof. Alysson Massote Carvalho, Diretor Geral do Instituto Prebisteriano Gammon<\/h4>\t\t<\/div>\n\t\t\t\t<\/div>\n\t\t\t\t\t\t<\/div>\n\t\t\t\t\t<\/div>\n\t\t<\/div>\n\t\t\t\t\t\t\t\t<\/div>\n\t\t\t\t\t<\/div>\n\t\t<\/section>\n\t\t\t\t<section data-particle_enable=\"false\" data-particle-mobile-disabled=\"false\" class=\"elementor-section elementor-top-section elementor-element elementor-element-ece1154 elementor-section-boxed elementor-section-height-default elementor-section-height-default\" data-id=\"ece1154\" data-element_type=\"section\">\n\t\t\t\t\t\t<div class=\"elementor-container elementor-column-gap-default\">\n\t\t\t\t\t\t\t<div class=\"elementor-row\">\n\t\t\t\t\t<div class=\"elementor-column elementor-col-50 elementor-top-column elementor-element elementor-element-91cc4d9 elementor-invisible\" data-id=\"91cc4d9\" data-element_type=\"column\" data-settings=\"{&quot;animation&quot;:&quot;fadeInRight&quot;}\">\n\t\t\t<div class=\"elementor-column-wrap elementor-element-populated\">\n\t\t\t\t\t\t\t<div class=\"elementor-widget-wrap\">\n\t\t\t\t\t\t<div class=\"elementor-element elementor-element-ff80f4b elementor-widget elementor-widget-heading\" data-id=\"ff80f4b\" data-element_type=\"widget\" data-widget_type=\"heading.default\">\n\t\t\t\t<div class=\"elementor-widget-container\">\n\t\t\t<h2 class=\"elementor-heading-title elementor-size-default\">MISS\u00c3O<\/h2>\t\t<\/div>\n\t\t\t\t<\/div>\n\t\t\t\t<div class=\"elementor-element elementor-element-6e86e9e elementor-widget elementor-widget-text-editor\" data-id=\"6e86e9e\" data-element_type=\"widget\" data-widget_type=\"text-editor.default\">\n\t\t\t\t<div class=\"elementor-widget-container\">\n\t\t\t\t\t\t\t\t<div class=\"elementor-text-editor elementor-clearfix\">\n\t\t\t\t\t<section id=\"comp-k5dwi0zs\" class=\"JSM9k\"><div class=\"_2EoGw\" data-testid=\"columns\"><div id=\"comp-k5dwi11a\" class=\"_31Ne5\"><div class=\"\" data-mesh-id=\"comp-k5dwi11ainlineContent\" data-testid=\"inline-content\"><div data-mesh-id=\"comp-k5dwi11ainlineContent-gridContainer\" data-testid=\"mesh-container-content\"><div id=\"comp-k5dwi11i\" class=\"_2bafp\" data-testid=\"richTextElement\"><p class=\"font_8\">\u201cGlorificar a Deus, educando com qualidade, visando a forma\u00e7\u00e3o integral do ser humano, tendo por fundamento a f\u00e9 reformada.\u201d<\/p><\/div><\/div><\/div><\/div><\/div><\/section><section id=\"comp-k5dwciiz\" class=\"JSM9k\"><div id=\"bgLayers_comp-k5dwciiz\" class=\"X-jRX\">\u00a0<\/div><\/section>\t\t\t\t\t<\/div>\n\t\t\t\t\t\t<\/div>\n\t\t\t\t<\/div>\n\t\t\t\t\t\t<\/div>\n\t\t\t\t\t<\/div>\n\t\t<\/div>\n\t\t\t\t<div class=\"elementor-column elementor-col-50 elementor-top-column elementor-element elementor-element-f215c38\" data-id=\"f215c38\" data-element_type=\"column\">\n\t\t\t<div class=\"elementor-column-wrap elementor-element-populated\">\n\t\t\t\t\t\t\t<div class=\"elementor-widget-wrap\">\n\t\t\t\t\t\t<div class=\"elementor-element elementor-element-a295d30 elementor-widget elementor-widget-image\" data-id=\"a295d30\" data-element_type=\"widget\" data-widget_type=\"image.default\">\n\t\t\t\t<div class=\"elementor-widget-container\">\n\t\t\t\t\t\t\t\t<div class=\"elementor-image\">\n\t\t\t\t\t\t\t\t\t\t\t\t<img loading=\"lazy\" decoding=\"async\" width=\"800\" height=\"340\" src=\"https:\/\/gammon.br\/site_antigo\/wp-content\/uploads\/2021\/06\/8b9224_ddd1a0cc27724739ae0b1ad0ac361c73_mv2.png\" class=\"attachment-large size-large\" alt=\"\" srcset=\"https:\/\/gammon.br\/site_antigo\/wp-content\/uploads\/2021\/06\/8b9224_ddd1a0cc27724739ae0b1ad0ac361c73_mv2.png 862w, https:\/\/gammon.br\/site_antigo\/wp-content\/uploads\/2021\/06\/8b9224_ddd1a0cc27724739ae0b1ad0ac361c73_mv2-300x127.png 300w, https:\/\/gammon.br\/site_antigo\/wp-content\/uploads\/2021\/06\/8b9224_ddd1a0cc27724739ae0b1ad0ac361c73_mv2-768x326.png 768w\" sizes=\"auto, (max-width: 800px) 100vw, 800px\" \/>\t\t\t\t\t\t\t\t\t\t\t\t\t\t<\/div>\n\t\t\t\t\t\t<\/div>\n\t\t\t\t<\/div>\n\t\t\t\t\t\t<\/div>\n\t\t\t\t\t<\/div>\n\t\t<\/div>\n\t\t\t\t\t\t\t\t<\/div>\n\t\t\t\t\t<\/div>\n\t\t<\/section>\n\t\t\t\t<section data-particle_enable=\"false\" data-particle-mobile-disabled=\"false\" class=\"elementor-section elementor-top-section elementor-element elementor-element-9e0d813 elementor-reverse-tablet elementor-reverse-mobile elementor-section-boxed elementor-section-height-default elementor-section-height-default\" data-id=\"9e0d813\" data-element_type=\"section\">\n\t\t\t\t\t\t<div class=\"elementor-container elementor-column-gap-default\">\n\t\t\t\t\t\t\t<div class=\"elementor-row\">\n\t\t\t\t\t<div class=\"elementor-column elementor-col-50 elementor-top-column elementor-element elementor-element-59b34c9\" data-id=\"59b34c9\" data-element_type=\"column\">\n\t\t\t<div class=\"elementor-column-wrap elementor-element-populated\">\n\t\t\t\t\t\t\t<div class=\"elementor-widget-wrap\">\n\t\t\t\t\t\t<div class=\"elementor-element elementor-element-7b38822 elementor-widget elementor-widget-image\" data-id=\"7b38822\" data-element_type=\"widget\" data-widget_type=\"image.default\">\n\t\t\t\t<div class=\"elementor-widget-container\">\n\t\t\t\t\t\t\t\t<div class=\"elementor-image\">\n\t\t\t\t\t\t\t\t\t\t\t\t<img loading=\"lazy\" decoding=\"async\" width=\"800\" height=\"399\" src=\"https:\/\/gammon.br\/site_antigo\/wp-content\/uploads\/2021\/06\/8b9224_ca5f3dc2e43b49adabf4d71f65c0d415_mv2.png\" class=\"attachment-large size-large\" alt=\"\" srcset=\"https:\/\/gammon.br\/site_antigo\/wp-content\/uploads\/2021\/06\/8b9224_ca5f3dc2e43b49adabf4d71f65c0d415_mv2.png 862w, https:\/\/gammon.br\/site_antigo\/wp-content\/uploads\/2021\/06\/8b9224_ca5f3dc2e43b49adabf4d71f65c0d415_mv2-300x150.png 300w, https:\/\/gammon.br\/site_antigo\/wp-content\/uploads\/2021\/06\/8b9224_ca5f3dc2e43b49adabf4d71f65c0d415_mv2-768x383.png 768w\" sizes=\"auto, (max-width: 800px) 100vw, 800px\" \/>\t\t\t\t\t\t\t\t\t\t\t\t\t\t<\/div>\n\t\t\t\t\t\t<\/div>\n\t\t\t\t<\/div>\n\t\t\t\t\t\t<\/div>\n\t\t\t\t\t<\/div>\n\t\t<\/div>\n\t\t\t\t<div class=\"elementor-column elementor-col-50 elementor-top-column elementor-element elementor-element-ba3a1dc elementor-invisible\" data-id=\"ba3a1dc\" data-element_type=\"column\" data-settings=\"{&quot;animation&quot;:&quot;fadeInLeft&quot;}\">\n\t\t\t<div class=\"elementor-column-wrap elementor-element-populated\">\n\t\t\t\t\t\t\t<div class=\"elementor-widget-wrap\">\n\t\t\t\t\t\t<div class=\"elementor-element elementor-element-2414440 elementor-widget elementor-widget-heading\" data-id=\"2414440\" data-element_type=\"widget\" data-widget_type=\"heading.default\">\n\t\t\t\t<div class=\"elementor-widget-container\">\n\t\t\t<h2 class=\"elementor-heading-title elementor-size-default\">VIS\u00c3O<\/h2>\t\t<\/div>\n\t\t\t\t<\/div>\n\t\t\t\t<div class=\"elementor-element elementor-element-3606455 elementor-widget elementor-widget-text-editor\" data-id=\"3606455\" data-element_type=\"widget\" data-widget_type=\"text-editor.default\">\n\t\t\t\t<div class=\"elementor-widget-container\">\n\t\t\t\t\t\t\t\t<div class=\"elementor-text-editor elementor-clearfix\">\n\t\t\t\t\t<section id=\"comp-k5dwi0zs\" class=\"JSM9k\"><div class=\"_2EoGw\" data-testid=\"columns\"><div id=\"comp-k5dwi11a\" class=\"_31Ne5\"><div class=\"\" data-mesh-id=\"comp-k5dwi11ainlineContent\" data-testid=\"inline-content\"><div data-mesh-id=\"comp-k5dwi11ainlineContent-gridContainer\" data-testid=\"mesh-container-content\"><div id=\"comp-k5dwi11i\" class=\"_2bafp\" data-testid=\"richTextElement\"><p class=\"font_8\">\u201cSer refer\u00eancia na educa\u00e7\u00e3o pelo trabalho de qualidade, buscando excel\u00eancia na forma\u00e7\u00e3o do ser humano para a gl\u00f3ria de Deus.\u201d<\/p><\/div><\/div><\/div><\/div><\/div><\/section>\t\t\t\t\t<\/div>\n\t\t\t\t\t\t<\/div>\n\t\t\t\t<\/div>\n\t\t\t\t\t\t<\/div>\n\t\t\t\t\t<\/div>\n\t\t<\/div>\n\t\t\t\t\t\t\t\t<\/div>\n\t\t\t\t\t<\/div>\n\t\t<\/section>\n\t\t\t\t<section data-particle_enable=\"false\" data-particle-mobile-disabled=\"false\" class=\"elementor-section elementor-top-section elementor-element elementor-element-73faba5 elementor-section-boxed elementor-section-height-default elementor-section-height-default\" data-id=\"73faba5\" data-element_type=\"section\">\n\t\t\t\t\t\t<div class=\"elementor-container elementor-column-gap-default\">\n\t\t\t\t\t\t\t<div class=\"elementor-row\">\n\t\t\t\t\t<div class=\"elementor-column elementor-col-50 elementor-top-column elementor-element elementor-element-9d9cb95 elementor-invisible\" data-id=\"9d9cb95\" data-element_type=\"column\" data-settings=\"{&quot;animation&quot;:&quot;fadeInRight&quot;}\">\n\t\t\t<div class=\"elementor-column-wrap elementor-element-populated\">\n\t\t\t\t\t\t\t<div class=\"elementor-widget-wrap\">\n\t\t\t\t\t\t<div class=\"elementor-element elementor-element-4c68fd4 elementor-widget elementor-widget-heading\" data-id=\"4c68fd4\" data-element_type=\"widget\" data-widget_type=\"heading.default\">\n\t\t\t\t<div class=\"elementor-widget-container\">\n\t\t\t<h2 class=\"elementor-heading-title elementor-size-default\">VALORES<\/h2>\t\t<\/div>\n\t\t\t\t<\/div>\n\t\t\t\t<div class=\"elementor-element elementor-element-4a988b3 elementor-widget elementor-widget-text-editor\" data-id=\"4a988b3\" data-element_type=\"widget\" data-widget_type=\"text-editor.default\">\n\t\t\t\t<div class=\"elementor-widget-container\">\n\t\t\t\t\t\t\t\t<div class=\"elementor-text-editor elementor-clearfix\">\n\t\t\t\t\t<section id=\"comp-k5dwi0zs\" class=\"JSM9k\"><div class=\"_2EoGw\" data-testid=\"columns\"><div id=\"comp-k5dwi11a\" class=\"_31Ne5\"><div class=\"\" data-mesh-id=\"comp-k5dwi11ainlineContent\" data-testid=\"inline-content\"><div data-mesh-id=\"comp-k5dwi11ainlineContent-gridContainer\" data-testid=\"mesh-container-content\"><div id=\"comp-k5dwi11i\" class=\"_2bafp\" data-testid=\"richTextElement\"><p class=\"font_8\">Os valores que o Instituto Presbiteriano GAMMON possui s\u00e3o: F\u00e9 reformada; \u00c9tica Crist\u00e3; Respeito; Sabedoria; Coopera\u00e7\u00e3o; Responsabilidade Social; Cidadania.<\/p><\/div><\/div><\/div><\/div><\/div><\/section>\t\t\t\t\t<\/div>\n\t\t\t\t\t\t<\/div>\n\t\t\t\t<\/div>\n\t\t\t\t\t\t<\/div>\n\t\t\t\t\t<\/div>\n\t\t<\/div>\n\t\t\t\t<div class=\"elementor-column elementor-col-50 elementor-top-column elementor-element elementor-element-7e520cf\" data-id=\"7e520cf\" data-element_type=\"column\">\n\t\t\t<div class=\"elementor-column-wrap elementor-element-populated\">\n\t\t\t\t\t\t\t<div class=\"elementor-widget-wrap\">\n\t\t\t\t\t\t<div class=\"elementor-element elementor-element-999aed5 elementor-widget elementor-widget-image\" data-id=\"999aed5\" data-element_type=\"widget\" data-widget_type=\"image.default\">\n\t\t\t\t<div class=\"elementor-widget-container\">\n\t\t\t\t\t\t\t\t<div class=\"elementor-image\">\n\t\t\t\t\t\t\t\t\t\t\t\t<img loading=\"lazy\" decoding=\"async\" width=\"800\" height=\"359\" src=\"https:\/\/gammon.br\/site_antigo\/wp-content\/uploads\/2021\/05\/8b9224_733a3da019e2403482d473edb8638780_mv2-1024x460.png\" class=\"attachment-large size-large\" alt=\"Instituto-Presbiteriano-Gammon\" srcset=\"https:\/\/gammon.br\/site_antigo\/wp-content\/uploads\/2021\/05\/8b9224_733a3da019e2403482d473edb8638780_mv2-1024x460.png 1024w, https:\/\/gammon.br\/site_antigo\/wp-content\/uploads\/2021\/05\/8b9224_733a3da019e2403482d473edb8638780_mv2-300x135.png 300w, https:\/\/gammon.br\/site_antigo\/wp-content\/uploads\/2021\/05\/8b9224_733a3da019e2403482d473edb8638780_mv2-768x345.png 768w, https:\/\/gammon.br\/site_antigo\/wp-content\/uploads\/2021\/05\/8b9224_733a3da019e2403482d473edb8638780_mv2.png 1233w\" sizes=\"auto, (max-width: 800px) 100vw, 800px\" \/>\t\t\t\t\t\t\t\t\t\t\t\t\t\t<\/div>\n\t\t\t\t\t\t<\/div>\n\t\t\t\t<\/div>\n\t\t\t\t\t\t<\/div>\n\t\t\t\t\t<\/div>\n\t\t<\/div>\n\t\t\t\t\t\t\t\t<\/div>\n\t\t\t\t\t<\/div>\n\t\t<\/section>\n\t\t\t\t<section data-particle_enable=\"false\" data-particle-mobile-disabled=\"false\" class=\"elementor-section elementor-top-section elementor-element elementor-element-6308e87 elementor-reverse-tablet elementor-reverse-mobile elementor-section-boxed elementor-section-height-default elementor-section-height-default\" data-id=\"6308e87\" data-element_type=\"section\">\n\t\t\t\t\t\t<div class=\"elementor-container elementor-column-gap-default\">\n\t\t\t\t\t\t\t<div class=\"elementor-row\">\n\t\t\t\t\t<div class=\"elementor-column elementor-col-50 elementor-top-column elementor-element elementor-element-f028e2b\" data-id=\"f028e2b\" data-element_type=\"column\">\n\t\t\t<div class=\"elementor-column-wrap elementor-element-populated\">\n\t\t\t\t\t\t\t<div class=\"elementor-widget-wrap\">\n\t\t\t\t\t\t<div class=\"elementor-element elementor-element-c3e076a elementor-widget elementor-widget-image\" data-id=\"c3e076a\" data-element_type=\"widget\" data-widget_type=\"image.default\">\n\t\t\t\t<div class=\"elementor-widget-container\">\n\t\t\t\t\t\t\t\t<div class=\"elementor-image\">\n\t\t\t\t\t\t\t\t\t\t\t\t<img loading=\"lazy\" decoding=\"async\" width=\"800\" height=\"433\" src=\"https:\/\/gammon.br\/site_antigo\/wp-content\/uploads\/2021\/06\/8b9224_8b02c4d2566140fe970335cb7b14a256_mv2.png\" class=\"attachment-large size-large\" alt=\"\" srcset=\"https:\/\/gammon.br\/site_antigo\/wp-content\/uploads\/2021\/06\/8b9224_8b02c4d2566140fe970335cb7b14a256_mv2.png 862w, https:\/\/gammon.br\/site_antigo\/wp-content\/uploads\/2021\/06\/8b9224_8b02c4d2566140fe970335cb7b14a256_mv2-300x163.png 300w, https:\/\/gammon.br\/site_antigo\/wp-content\/uploads\/2021\/06\/8b9224_8b02c4d2566140fe970335cb7b14a256_mv2-768x416.png 768w\" sizes=\"auto, (max-width: 800px) 100vw, 800px\" \/>\t\t\t\t\t\t\t\t\t\t\t\t\t\t<\/div>\n\t\t\t\t\t\t<\/div>\n\t\t\t\t<\/div>\n\t\t\t\t\t\t<\/div>\n\t\t\t\t\t<\/div>\n\t\t<\/div>\n\t\t\t\t<div class=\"elementor-column elementor-col-50 elementor-top-column elementor-element elementor-element-40cdbae elementor-invisible\" data-id=\"40cdbae\" data-element_type=\"column\" data-settings=\"{&quot;animation&quot;:&quot;fadeInLeft&quot;}\">\n\t\t\t<div class=\"elementor-column-wrap elementor-element-populated\">\n\t\t\t\t\t\t\t<div class=\"elementor-widget-wrap\">\n\t\t\t\t\t\t<div class=\"elementor-element elementor-element-928d082 elementor-widget elementor-widget-heading\" data-id=\"928d082\" data-element_type=\"widget\" data-widget_type=\"heading.default\">\n\t\t\t\t<div class=\"elementor-widget-container\">\n\t\t\t<h2 class=\"elementor-heading-title elementor-size-default\">POL\u00cdTICA DE QUALIDADE\n<\/h2>\t\t<\/div>\n\t\t\t\t<\/div>\n\t\t\t\t<div class=\"elementor-element elementor-element-e68fb86 elementor-widget elementor-widget-text-editor\" data-id=\"e68fb86\" data-element_type=\"widget\" data-widget_type=\"text-editor.default\">\n\t\t\t\t<div class=\"elementor-widget-container\">\n\t\t\t\t\t\t\t\t<div class=\"elementor-text-editor elementor-clearfix\">\n\t\t\t\t\t<section id=\"comp-k5dwi0zs\" class=\"JSM9k\"><div class=\"_2EoGw\" data-testid=\"columns\"><div id=\"comp-k5dwi11a\" class=\"_31Ne5\"><div class=\"\" data-mesh-id=\"comp-k5dwi11ainlineContent\" data-testid=\"inline-content\"><div data-mesh-id=\"comp-k5dwi11ainlineContent-gridContainer\" data-testid=\"mesh-container-content\"><div id=\"comp-k5dwi11i\" class=\"_2bafp\" data-testid=\"richTextElement\"><p class=\"font_8\">O Instituto Presbiteriano Gammon \u00e9 uma institui\u00e7\u00e3o confessional de ensino comprometida com a qualidade da educa\u00e7\u00e3o e com o cumprimento dos requisitos aplic\u00e1veis ao seu sistema de gest\u00e3o da qualidade. A partir de uma cosmovis\u00e3o crist\u00e3 reformada, busca a forma\u00e7\u00e3o integrada do ser humano e a melhoria cont\u00ednua de suas atividades educacionais.<\/p><\/div><\/div><\/div><\/div><\/div><\/section>\t\t\t\t\t<\/div>\n\t\t\t\t\t\t<\/div>\n\t\t\t\t<\/div>\n\t\t\t\t\t\t<\/div>\n\t\t\t\t\t<\/div>\n\t\t<\/div>\n\t\t\t\t\t\t\t\t<\/div>\n\t\t\t\t\t<\/div>\n\t\t<\/section>\n\t\t\t\t<section data-particle_enable=\"false\" data-particle-mobile-disabled=\"false\" class=\"elementor-section elementor-top-section elementor-element elementor-element-68a3ce9 elementor-section-boxed elementor-section-height-default elementor-section-height-default\" data-id=\"68a3ce9\" data-element_type=\"section\">\n\t\t\t\t\t\t<div class=\"elementor-container elementor-column-gap-default\">\n\t\t\t\t\t\t\t<div class=\"elementor-row\">\n\t\t\t\t\t<div class=\"elementor-column elementor-col-100 elementor-top-column elementor-element elementor-element-4b0a61e\" data-id=\"4b0a61e\" data-element_type=\"column\">\n\t\t\t<div class=\"elementor-column-wrap elementor-element-populated\">\n\t\t\t\t\t\t\t<div class=\"elementor-widget-wrap\">\n\t\t\t\t\t\t<div class=\"elementor-element elementor-element-2d513b6 elementor-widget elementor-widget-spacer\" data-id=\"2d513b6\" data-element_type=\"widget\" data-widget_type=\"spacer.default\">\n\t\t\t\t<div class=\"elementor-widget-container\">\n\t\t\t\t\t<div class=\"elementor-spacer\">\n\t\t\t<div class=\"elementor-spacer-inner\"><\/div>\n\t\t<\/div>\n\t\t\t\t<\/div>\n\t\t\t\t<\/div>\n\t\t\t\t\t\t<\/div>\n\t\t\t\t\t<\/div>\n\t\t<\/div>\n\t\t\t\t\t\t\t\t<\/div>\n\t\t\t\t\t<\/div>\n\t\t<\/section>\n\t\t\t\t\t\t<\/div>\n\t\t\t\t\t\t<\/div>\n\t\t\t\t\t<\/div>\n\t\t","protected":false},"excerpt":{"rendered":"<p>In\u00edcio INSTITUCIONAL &#8220;Desde suas origens at\u00e9 os dias de hoje o pioneirismo tem sido um dos elementos distintivos do Gammon.&#8221; Prof. Alysson Massote Carvalho, Diretor Geral do Instituto Prebisteriano Gammon MISS\u00c3O \u201cGlorificar a Deus, educando com qualidade, visando a forma\u00e7\u00e3o integral do ser humano, tendo por fundamento a f\u00e9 reformada.\u201d \u00a0 VIS\u00c3O \u201cSer refer\u00eancia na [&hellip;]<\/p>\n","protected":false},"author":1,"featured_media":0,"parent":17,"menu_order":0,"comment_status":"closed","ping_status":"closed","template":"elementor_header_footer","meta":{"footnotes":""},"class_list":["post-21","page","type-page","status-publish","hentry"],"yoast_head":"<!-- This site is optimized with the Yoast SEO plugin v16.5 - https:\/\/yoast.com\/wordpress\/plugins\/seo\/ -->\n<title>Institucional - Instituto Presbiteriano Gammon<\/title>\n<meta name=\"robots\" content=\"noindex, follow, max-snippet:-1, max-image-preview:large, max-video-preview:-1\" \/>\n<meta property=\"og:locale\" content=\"pt_BR\" \/>\n<meta property=\"og:type\" content=\"article\" \/>\n<meta property=\"og:title\" content=\"Institucional - Instituto Presbiteriano Gammon\" \/>\n<meta property=\"og:description\" content=\"In\u00edcio INSTITUCIONAL &#8220;Desde suas origens at\u00e9 os dias de hoje o pioneirismo tem sido um dos elementos distintivos do Gammon.&#8221; Prof. Alysson Massote Carvalho, Diretor Geral do Instituto Prebisteriano Gammon MISS\u00c3O \u201cGlorificar a Deus, educando com qualidade, visando a forma\u00e7\u00e3o integral do ser humano, tendo por fundamento a f\u00e9 reformada.\u201d \u00a0 VIS\u00c3O \u201cSer refer\u00eancia na [&hellip;]\" \/>\n<meta property=\"og:url\" content=\"https:\/\/gammon.br\/site_antigo\/a-instituicao\/institucional\/\" \/>\n<meta property=\"og:site_name\" content=\"Instituto Presbiteriano Gammon\" \/>\n<meta property=\"article:modified_time\" content=\"2021-09-29T19:22:11+00:00\" \/>\n<meta property=\"og:image\" content=\"http:\/\/gammon.br\/wp-content\/uploads\/2021\/06\/8b9224_ddd1a0cc27724739ae0b1ad0ac361c73_mv2.png\" \/>\n<meta name=\"twitter:card\" content=\"summary_large_image\" \/>\n<meta name=\"twitter:label1\" content=\"Est. tempo de leitura\" \/>\n\t<meta name=\"twitter:data1\" content=\"2 minutos\" \/>\n<script type=\"application\/ld+json\" class=\"yoast-schema-graph\">{\"@context\":\"https:\/\/schema.org\",\"@graph\":[{\"@type\":\"WebSite\",\"@id\":\"https:\/\/gammon.br\/site_antigo\/#website\",\"url\":\"https:\/\/gammon.br\/site_antigo\/\",\"name\":\"Instituto Presbiteriano Gammon\",\"description\":\"-\",\"potentialAction\":[{\"@type\":\"SearchAction\",\"target\":\"https:\/\/gammon.br\/site_antigo\/?s={search_term_string}\",\"query-input\":\"required name=search_term_string\"}],\"inLanguage\":\"pt-BR\"},{\"@type\":\"ImageObject\",\"@id\":\"https:\/\/gammon.br\/site_antigo\/a-instituicao\/institucional\/#primaryimage\",\"inLanguage\":\"pt-BR\",\"url\":\"http:\/\/gammon.br\/wp-content\/uploads\/2021\/06\/8b9224_ddd1a0cc27724739ae0b1ad0ac361c73_mv2.png\",\"contentUrl\":\"http:\/\/gammon.br\/wp-content\/uploads\/2021\/06\/8b9224_ddd1a0cc27724739ae0b1ad0ac361c73_mv2.png\"},{\"@type\":\"WebPage\",\"@id\":\"https:\/\/gammon.br\/site_antigo\/a-instituicao\/institucional\/#webpage\",\"url\":\"https:\/\/gammon.br\/site_antigo\/a-instituicao\/institucional\/\",\"name\":\"Institucional - Instituto Presbiteriano Gammon\",\"isPartOf\":{\"@id\":\"https:\/\/gammon.br\/site_antigo\/#website\"},\"primaryImageOfPage\":{\"@id\":\"https:\/\/gammon.br\/site_antigo\/a-instituicao\/institucional\/#primaryimage\"},\"datePublished\":\"2021-04-27T14:46:19+00:00\",\"dateModified\":\"2021-09-29T19:22:11+00:00\",\"breadcrumb\":{\"@id\":\"https:\/\/gammon.br\/site_antigo\/a-instituicao\/institucional\/#breadcrumb\"},\"inLanguage\":\"pt-BR\",\"potentialAction\":[{\"@type\":\"ReadAction\",\"target\":[\"https:\/\/gammon.br\/site_antigo\/a-instituicao\/institucional\/\"]}]},{\"@type\":\"BreadcrumbList\",\"@id\":\"https:\/\/gammon.br\/site_antigo\/a-instituicao\/institucional\/#breadcrumb\",\"itemListElement\":[{\"@type\":\"ListItem\",\"position\":1,\"name\":\"In\\u00edcio\",\"item\":\"https:\/\/gammon.br\/site_antigo\/\"},{\"@type\":\"ListItem\",\"position\":2,\"name\":\"A Institui\\u00e7\\u00e3o\",\"item\":\"https:\/\/gammon.br\/site_antigo\/a-instituicao\/\"},{\"@type\":\"ListItem\",\"position\":3,\"name\":\"Institucional\"}]}]}<\/script>\n<!-- \/ Yoast SEO plugin. -->","_links":{"self":[{"href":"https:\/\/gammon.br\/site_antigo\/wp-json\/wp\/v2\/pages\/21","targetHints":{"allow":["GET"]}}],"collection":[{"href":"https:\/\/gammon.br\/site_antigo\/wp-json\/wp\/v2\/pages"}],"about":[{"href":"https:\/\/gammon.br\/site_antigo\/wp-json\/wp\/v2\/types\/page"}],"author":[{"embeddable":true,"href":"https:\/\/gammon.br\/site_antigo\/wp-json\/wp\/v2\/users\/1"}],"replies":[{"embeddable":true,"href":"https:\/\/gammon.br\/site_antigo\/wp-json\/wp\/v2\/comments?post=21"}],"version-history":[{"count":25,"href":"https:\/\/gammon.br\/site_antigo\/wp-json\/wp\/v2\/pages\/21\/revisions"}],"predecessor-version":[{"id":2192,"href":"https:\/\/gammon.br\/site_antigo\/wp-json\/wp\/v2\/pages\/21\/revisions\/2192"}],"up":[{"embeddable":true,"href":"https:\/\/gammon.br\/site_antigo\/wp-json\/wp\/v2\/pages\/17"}],"wp:attachment":[{"href":"https:\/\/gammon.br\/site_antigo\/wp-json\/wp\/v2\/media?parent=21"}],"curies":[{"name":"wp","href":"https:\/\/api.w.org\/{rel}","templated":true}]}}